{"id":1877,"date":"2023-08-27T12:00:11","date_gmt":"2023-08-27T09:00:11","guid":{"rendered":"https:\/\/cumhuriyetparalari.com\/?post_type=product&#038;p=1877"},"modified":"2024-12-02T15:38:02","modified_gmt":"2024-12-02T12:38:02","slug":"1948-10-lira-2","status":"publish","type":"product","link":"https:\/\/cumhuriyetparalari.com\/en\/item\/1948-10-lira-2\/","title":{"rendered":"1948 &#8211; 10 Lira"},"content":{"rendered":"<p><strong>Katalog No:<\/strong> Pick#148<\/p>\n<p>\u00d6n y\u00fcz\u00fcnde ortada kup\u00fcr de\u011feri \u201c10 ON T\u00dcRK L\u0130RASI\u201d \u015feklinde yaz\u0131l\u0131d\u0131r, sa\u011fda \u00e7er\u00e7eve i\u00e7inde \u0130smet \u0130n\u00f6n\u00fc Portresi bulunur. Arka y\u00fcz\u00fcnde Sultan Ahmet \u00c7e\u015fmesi bulunur.<\/p>\n<p>Bir \u00f6nceki y\u0131l piyasaya s\u00fcr\u00fclen 10 Liralar ile ayn\u0131 tasar\u0131mda fakat k\u0131r\u0131z\u0131 yerine kahverengidir.<\/p>\n<p>Filigrans\u0131zd\u0131r.<\/p>\n<p><strong>\u00dczerindeki \u0130mza(lar):<\/strong> Kemal Zaim Sunel, Nedim Ersun<\/p>\n<p>Kaynaklar:<\/p>\n<ul>\n<li><a href=\"http:\/\/sanalmuze.tcmb.gov.tr\" target=\"_blank\" rel=\"noopener\"><span style=\"color: #0000ff;\">www.sanalmuze.tcmb.gov.tr<\/span><\/a><\/li>\n<\/ul>\n","protected":false},"excerpt":{"rendered":"<p>\u00d6n y\u00fcz\u00fcnde ortada kup\u00fcr de\u011feri \u201c10 ON T\u00dcRK L\u0130RASI\u201d \u015feklinde yaz\u0131l\u0131d\u0131r, sa\u011fda \u00e7er\u00e7eve i\u00e7inde \u0130smet \u0130n\u00f6n\u00fc Portresi bulunur. Arka y\u00fcz\u00fcnde Sultan Ahmet \u00c7e\u015fmesi bulunur.<\/p>\n","protected":false},"featured_media":1878,"template":"","meta":[],"categories":[],"tags":[2423,780],"product_brand":[],"product_cat":[20],"product_tag":[687,569,644,640,211,652,686],"class_list":{"0":"post-1877","1":"product","2":"type-product","3":"status-publish","4":"has-post-thumbnail","6":"tag-cesme","7":"tag-inonu","8":"product_cat-banknotlar","9":"product_tag-4-emisyon","10":"product_tag-banknot","11":"product_tag-ismet-inonu","12":"product_tag-kemal-zaim-sunel","13":"product_tag-lira","14":"product_tag-nedim-ersun","15":"product_tag-sultan-ahmet-cesmesi","16":"pa_baski-adedi-20-000-000","17":"pa_baski-adedi-200-000-000-tl","18":"pa_baski-ozelligi-normal","19":"pa_boy-75-mm","20":"pa_en-165-mm","21":"pa_matbaa-amerikan-banknote-company-abd","22":"pa_tedavulden-bitis-600","23":"pa_tedavule-verildigi-tarih-692","25":"first","26":"instock","27":"shipping-taxable","28":"product-type-simple"},"yoast_head":"<!-- This site is optimized with the Yoast SEO plugin v27.5 - https:\/\/yoast.com\/product\/yoast-seo-wordpress\/ -->\n<title>1948 - 10 Lira - Turkish Republican Money<\/title>\n<meta name=\"robots\" content=\"index, follow, max-snippet:-1, max-image-preview:large, max-video-preview:-1\" \/>\n<link rel=\"canonical\" href=\"https:\/\/cumhuriyetparalari.com\/item\/1948-10-lira-2\/\" \/>\n<meta property=\"og:locale\" content=\"en_US\" \/>\n<meta property=\"og:type\" content=\"article\" \/>\n<meta property=\"og:title\" content=\"1948 - 10 Lira - Turkish Republican Money\" \/>\n<meta property=\"og:description\" content=\"\u00d6n y\u00fcz\u00fcnde ortada kup\u00fcr de\u011feri \u201c10 ON T\u00dcRK L\u0130RASI\u201d \u015feklinde yaz\u0131l\u0131d\u0131r, sa\u011fda \u00e7er\u00e7eve i\u00e7inde \u0130smet \u0130n\u00f6n\u00fc Portresi bulunur. Arka y\u00fcz\u00fcnde Sultan Ahmet \u00c7e\u015fmesi bulunur.\" \/>\n<meta property=\"og:url\" content=\"https:\/\/cumhuriyetparalari.com\/item\/1948-10-lira-2\/\" \/>\n<meta property=\"og:site_name\" content=\"Turkish Republican Money\" \/>\n<meta property=\"article:modified_time\" content=\"2024-12-02T12:38:02+00:00\" \/>\n<meta property=\"og:image\" content=\"https:\/\/cumhuriyetparalari.com\/wp-content\/uploads\/2023\/12\/10Lira1948-01.jpg\" \/>\n\t<meta property=\"og:image:width\" content=\"1181\" \/>\n\t<meta property=\"og:image:height\" content=\"533\" \/>\n\t<meta property=\"og:image:type\" content=\"image\/jpeg\" \/>\n<meta name=\"twitter:card\" content=\"summary_large_image\" \/>\n<script type=\"application\/ld+json\" class=\"yoast-schema-graph\">{\"@context\":\"https:\\\/\\\/schema.org\",\"@graph\":[{\"@type\":\"WebPage\",\"@id\":\"https:\\\/\\\/cumhuriyetparalari.com\\\/item\\\/1948-10-lira-2\\\/\",\"url\":\"https:\\\/\\\/cumhuriyetparalari.com\\\/item\\\/1948-10-lira-2\\\/\",\"name\":\"1948 - 10 Lira - Turkish Republican Money\",\"isPartOf\":{\"@id\":\"https:\\\/\\\/cumhuriyetparalari.com\\\/#website\"},\"primaryImageOfPage\":{\"@id\":\"https:\\\/\\\/cumhuriyetparalari.com\\\/item\\\/1948-10-lira-2\\\/#primaryimage\"},\"image\":{\"@id\":\"https:\\\/\\\/cumhuriyetparalari.com\\\/item\\\/1948-10-lira-2\\\/#primaryimage\"},\"thumbnailUrl\":\"https:\\\/\\\/cumhuriyetparalari.com\\\/wp-content\\\/uploads\\\/2023\\\/12\\\/10Lira1948-01.jpg\",\"datePublished\":\"2023-08-27T09:00:11+00:00\",\"dateModified\":\"2024-12-02T12:38:02+00:00\",\"breadcrumb\":{\"@id\":\"https:\\\/\\\/cumhuriyetparalari.com\\\/item\\\/1948-10-lira-2\\\/#breadcrumb\"},\"inLanguage\":\"en-US\",\"potentialAction\":[{\"@type\":\"ReadAction\",\"target\":[\"https:\\\/\\\/cumhuriyetparalari.com\\\/item\\\/1948-10-lira-2\\\/\"]}]},{\"@type\":\"ImageObject\",\"inLanguage\":\"en-US\",\"@id\":\"https:\\\/\\\/cumhuriyetparalari.com\\\/item\\\/1948-10-lira-2\\\/#primaryimage\",\"url\":\"https:\\\/\\\/cumhuriyetparalari.com\\\/wp-content\\\/uploads\\\/2023\\\/12\\\/10Lira1948-01.jpg\",\"contentUrl\":\"https:\\\/\\\/cumhuriyetparalari.com\\\/wp-content\\\/uploads\\\/2023\\\/12\\\/10Lira1948-01.jpg\",\"width\":1181,\"height\":533,\"caption\":\"4. Emisyon 2. tertip 10 Lira \u00d6n y\u00fcz\u00fc\"},{\"@type\":\"BreadcrumbList\",\"@id\":\"https:\\\/\\\/cumhuriyetparalari.com\\\/item\\\/1948-10-lira-2\\\/#breadcrumb\",\"itemListElement\":[{\"@type\":\"ListItem\",\"position\":1,\"name\":\"Anasayfa\",\"item\":\"https:\\\/\\\/cumhuriyetparalari.com\\\/en\\\/anasayfa\\\/\"},{\"@type\":\"ListItem\",\"position\":2,\"name\":\"Republican Money\",\"item\":\"https:\\\/\\\/cumhuriyetparalari.com\\\/en\\\/shop\\\/\"},{\"@type\":\"ListItem\",\"position\":3,\"name\":\"1948 &#8211; 10 Lira\"}]},{\"@type\":\"WebSite\",\"@id\":\"https:\\\/\\\/cumhuriyetparalari.com\\\/#website\",\"url\":\"https:\\\/\\\/cumhuriyetparalari.com\\\/\",\"name\":\"Cumhuriyet Paralar\u0131\",\"description\":\"Get to know Turkish Money\",\"publisher\":{\"@id\":\"https:\\\/\\\/cumhuriyetparalari.com\\\/#\\\/schema\\\/person\\\/e4da73570fb5f4f08c81b0ab88656036\"},\"potentialAction\":[{\"@type\":\"SearchAction\",\"target\":{\"@type\":\"EntryPoint\",\"urlTemplate\":\"https:\\\/\\\/cumhuriyetparalari.com\\\/?s={search_term_string}\"},\"query-input\":{\"@type\":\"PropertyValueSpecification\",\"valueRequired\":true,\"valueName\":\"search_term_string\"}}],\"inLanguage\":\"en-US\"},{\"@type\":[\"Person\",\"Organization\"],\"@id\":\"https:\\\/\\\/cumhuriyetparalari.com\\\/#\\\/schema\\\/person\\\/e4da73570fb5f4f08c81b0ab88656036\",\"name\":\"cumhuriyetparalari\",\"image\":{\"@type\":\"ImageObject\",\"inLanguage\":\"en-US\",\"@id\":\"https:\\\/\\\/cumhuriyetparalari.com\\\/wp-content\\\/uploads\\\/2023\\\/05\\\/Cumhuriyet-Paralari-Logo-512.png\",\"url\":\"https:\\\/\\\/cumhuriyetparalari.com\\\/wp-content\\\/uploads\\\/2023\\\/05\\\/Cumhuriyet-Paralari-Logo-512.png\",\"contentUrl\":\"https:\\\/\\\/cumhuriyetparalari.com\\\/wp-content\\\/uploads\\\/2023\\\/05\\\/Cumhuriyet-Paralari-Logo-512.png\",\"width\":512,\"height\":512,\"caption\":\"cumhuriyetparalari\"},\"logo\":{\"@id\":\"https:\\\/\\\/cumhuriyetparalari.com\\\/wp-content\\\/uploads\\\/2023\\\/05\\\/Cumhuriyet-Paralari-Logo-512.png\"},\"sameAs\":[\"https:\\\/\\\/cumhuriyetparalari.com\"]}]}<\/script>\n<!-- \/ Yoast SEO plugin. -->","yoast_head_json":{"title":"1948 - 10 Lira - Turkish Republican Money","robots":{"index":"index","follow":"follow","max-snippet":"max-snippet:-1","max-image-preview":"max-image-preview:large","max-video-preview":"max-video-preview:-1"},"canonical":"https:\/\/cumhuriyetparalari.com\/item\/1948-10-lira-2\/","og_locale":"en_US","og_type":"article","og_title":"1948 - 10 Lira - Turkish Republican Money","og_description":"\u00d6n y\u00fcz\u00fcnde ortada kup\u00fcr de\u011feri \u201c10 ON T\u00dcRK L\u0130RASI\u201d \u015feklinde yaz\u0131l\u0131d\u0131r, sa\u011fda \u00e7er\u00e7eve i\u00e7inde \u0130smet \u0130n\u00f6n\u00fc Portresi bulunur. Arka y\u00fcz\u00fcnde Sultan Ahmet \u00c7e\u015fmesi bulunur.","og_url":"https:\/\/cumhuriyetparalari.com\/item\/1948-10-lira-2\/","og_site_name":"Turkish Republican Money","article_modified_time":"2024-12-02T12:38:02+00:00","og_image":[{"width":1181,"height":533,"url":"https:\/\/cumhuriyetparalari.com\/wp-content\/uploads\/2023\/12\/10Lira1948-01.jpg","type":"image\/jpeg"}],"twitter_card":"summary_large_image","schema":{"@context":"https:\/\/schema.org","@graph":[{"@type":"WebPage","@id":"https:\/\/cumhuriyetparalari.com\/item\/1948-10-lira-2\/","url":"https:\/\/cumhuriyetparalari.com\/item\/1948-10-lira-2\/","name":"1948 - 10 Lira - Turkish Republican Money","isPartOf":{"@id":"https:\/\/cumhuriyetparalari.com\/#website"},"primaryImageOfPage":{"@id":"https:\/\/cumhuriyetparalari.com\/item\/1948-10-lira-2\/#primaryimage"},"image":{"@id":"https:\/\/cumhuriyetparalari.com\/item\/1948-10-lira-2\/#primaryimage"},"thumbnailUrl":"https:\/\/cumhuriyetparalari.com\/wp-content\/uploads\/2023\/12\/10Lira1948-01.jpg","datePublished":"2023-08-27T09:00:11+00:00","dateModified":"2024-12-02T12:38:02+00:00","breadcrumb":{"@id":"https:\/\/cumhuriyetparalari.com\/item\/1948-10-lira-2\/#breadcrumb"},"inLanguage":"en-US","potentialAction":[{"@type":"ReadAction","target":["https:\/\/cumhuriyetparalari.com\/item\/1948-10-lira-2\/"]}]},{"@type":"ImageObject","inLanguage":"en-US","@id":"https:\/\/cumhuriyetparalari.com\/item\/1948-10-lira-2\/#primaryimage","url":"https:\/\/cumhuriyetparalari.com\/wp-content\/uploads\/2023\/12\/10Lira1948-01.jpg","contentUrl":"https:\/\/cumhuriyetparalari.com\/wp-content\/uploads\/2023\/12\/10Lira1948-01.jpg","width":1181,"height":533,"caption":"4. Emisyon 2. tertip 10 Lira \u00d6n y\u00fcz\u00fc"},{"@type":"BreadcrumbList","@id":"https:\/\/cumhuriyetparalari.com\/item\/1948-10-lira-2\/#breadcrumb","itemListElement":[{"@type":"ListItem","position":1,"name":"Anasayfa","item":"https:\/\/cumhuriyetparalari.com\/en\/anasayfa\/"},{"@type":"ListItem","position":2,"name":"Republican Money","item":"https:\/\/cumhuriyetparalari.com\/en\/shop\/"},{"@type":"ListItem","position":3,"name":"1948 &#8211; 10 Lira"}]},{"@type":"WebSite","@id":"https:\/\/cumhuriyetparalari.com\/#website","url":"https:\/\/cumhuriyetparalari.com\/","name":"Cumhuriyet Paralar\u0131","description":"Get to know Turkish Money","publisher":{"@id":"https:\/\/cumhuriyetparalari.com\/#\/schema\/person\/e4da73570fb5f4f08c81b0ab88656036"},"potentialAction":[{"@type":"SearchAction","target":{"@type":"EntryPoint","urlTemplate":"https:\/\/cumhuriyetparalari.com\/?s={search_term_string}"},"query-input":{"@type":"PropertyValueSpecification","valueRequired":true,"valueName":"search_term_string"}}],"inLanguage":"en-US"},{"@type":["Person","Organization"],"@id":"https:\/\/cumhuriyetparalari.com\/#\/schema\/person\/e4da73570fb5f4f08c81b0ab88656036","name":"cumhuriyetparalari","image":{"@type":"ImageObject","inLanguage":"en-US","@id":"https:\/\/cumhuriyetparalari.com\/wp-content\/uploads\/2023\/05\/Cumhuriyet-Paralari-Logo-512.png","url":"https:\/\/cumhuriyetparalari.com\/wp-content\/uploads\/2023\/05\/Cumhuriyet-Paralari-Logo-512.png","contentUrl":"https:\/\/cumhuriyetparalari.com\/wp-content\/uploads\/2023\/05\/Cumhuriyet-Paralari-Logo-512.png","width":512,"height":512,"caption":"cumhuriyetparalari"},"logo":{"@id":"https:\/\/cumhuriyetparalari.com\/wp-content\/uploads\/2023\/05\/Cumhuriyet-Paralari-Logo-512.png"},"sameAs":["https:\/\/cumhuriyetparalari.com"]}]}},"_links":{"self":[{"href":"https:\/\/cumhuriyetparalari.com\/en\/wp-json\/wp\/v2\/product\/1877","targetHints":{"allow":["GET"]}}],"collection":[{"href":"https:\/\/cumhuriyetparalari.com\/en\/wp-json\/wp\/v2\/product"}],"about":[{"href":"https:\/\/cumhuriyetparalari.com\/en\/wp-json\/wp\/v2\/types\/product"}],"wp:featuredmedia":[{"embeddable":true,"href":"https:\/\/cumhuriyetparalari.com\/en\/wp-json\/wp\/v2\/media\/1878"}],"wp:attachment":[{"href":"https:\/\/cumhuriyetparalari.com\/en\/wp-json\/wp\/v2\/media?parent=1877"}],"wp:term":[{"taxonomy":"category","embeddable":true,"href":"https:\/\/cumhuriyetparalari.com\/en\/wp-json\/wp\/v2\/categories?post=1877"},{"taxonomy":"post_tag","embeddable":true,"href":"https:\/\/cumhuriyetparalari.com\/en\/wp-json\/wp\/v2\/tags?post=1877"},{"taxonomy":"product_brand","embeddable":true,"href":"https:\/\/cumhuriyetparalari.com\/en\/wp-json\/wp\/v2\/product_brand?post=1877"},{"taxonomy":"product_cat","embeddable":true,"href":"https:\/\/cumhuriyetparalari.com\/en\/wp-json\/wp\/v2\/product_cat?post=1877"},{"taxonomy":"product_tag","embeddable":true,"href":"https:\/\/cumhuriyetparalari.com\/en\/wp-json\/wp\/v2\/product_tag?post=1877"}],"curies":[{"name":"wp","href":"https:\/\/api.w.org\/{rel}","templated":true}]}}