{"id":1856,"date":"2023-08-26T12:00:22","date_gmt":"2023-08-26T09:00:22","guid":{"rendered":"https:\/\/cumhuriyetparalari.com\/?post_type=product&#038;p=1856"},"modified":"2024-12-02T15:34:43","modified_gmt":"2024-12-02T12:34:43","slug":"1947-2%c2%bd-lira","status":"publish","type":"product","link":"https:\/\/cumhuriyetparalari.com\/en\/item\/1947-2%c2%bd-lira\/","title":{"rendered":"1947 &#8211; 2\u00bd Lira"},"content":{"rendered":"<p><strong>Katalog No:<\/strong> Pick#140<\/p>\n<p>\u00d6n y\u00fcz\u00fcnde ortada kup\u00fcr de\u011feri \u201c2\u00bd \u0130K\u0130 BU\u00c7UK T\u00dcRK L\u0130RASI\u201d \u015feklinde yaz\u0131l\u0131, sa\u011f tarafta \u0130smet \u0130n\u00f6n\u00fc portresi vard\u0131r. Arka y\u00fcz\u00fcnde Ankara Halkevi resmedilmi\u015ftir.<\/p>\n<p>Filigran\u0131nda \u0130smet \u0130n\u00f6n\u00fc portresi vard\u0131r.<\/p>\n<p>T\u00fcrkiye Cumhuriyet Merkez Bankas\u0131 ibaresindeki Cumhuriyet kelimesi g\u00fcn\u00fcm\u00fczdeki haliyle &#8220;u&#8221; harfi ile yaz\u0131lm\u0131\u015ft\u0131r.<\/p>\n<p><strong>\u00dczerindeki \u0130mza(lar):<\/strong> Kemal Zaim Sunel, Nedim Ersun<\/p>\n<p>Kaynaklar:<\/p>\n<ul>\n<li><a href=\"http:\/\/sanalmuze.tcmb.gov.tr\" target=\"_blank\" rel=\"noopener\"><span style=\"color: #0000ff;\">www.sanalmuze.tcmb.gov.tr<\/span><\/a><\/li>\n<\/ul>\n","protected":false},"excerpt":{"rendered":"<p>\u00d6n y\u00fcz\u00fcnde ortada kup\u00fcr de\u011feri \u201c2\u00bd \u0130K\u0130 BU\u00c7UK T\u00dcRK L\u0130RASI\u201d \u015feklinde yaz\u0131l\u0131, sa\u011f tarafta \u0130smet \u0130n\u00f6n\u00fc portresi vard\u0131r. Arka y\u00fcz\u00fcnde Ankara Halkevi resmedilmi\u015ftir.<\/p>\n","protected":false},"featured_media":1857,"template":"","meta":[],"categories":[59],"tags":[2422,780],"product_brand":[],"product_cat":[20],"product_tag":[656,140,569,682,644,640,211,652],"class_list":{"0":"post-1856","1":"product","2":"type-product","3":"status-publish","4":"has-post-thumbnail","6":"category-numismatik","7":"tag-halkevi","8":"tag-inonu","9":"product_cat-banknotlar","10":"product_tag-3-emisyon","11":"product_tag-ankara","12":"product_tag-banknot","13":"product_tag-halkevi","14":"product_tag-ismet-inonu","15":"product_tag-kemal-zaim-sunel","16":"product_tag-lira","17":"product_tag-nedim-ersun","18":"pa_baski-adedi-43-500-000","19":"pa_baski-adedi-108-750-000-tl","20":"pa_baski-ozelligi-normal","21":"pa_boy-65-mm","22":"pa_en-145-mm","23":"pa_matbaa-bradbury-wilkinson-ingiltere","24":"pa_tedavulden-bitis-600","25":"pa_tedavule-verildigi-tarih-681","27":"first","28":"instock","29":"shipping-taxable","30":"product-type-simple"},"yoast_head":"<!-- This site is optimized with the Yoast SEO plugin v27.5 - https:\/\/yoast.com\/product\/yoast-seo-wordpress\/ -->\n<title>1947 - 2\u00bd Lira - Turkish Republican Money<\/title>\n<meta name=\"robots\" content=\"index, follow, max-snippet:-1, max-image-preview:large, max-video-preview:-1\" \/>\n<link rel=\"canonical\" href=\"https:\/\/cumhuriyetparalari.com\/item\/1947-2\u00bd-lira\/\" \/>\n<meta property=\"og:locale\" content=\"en_US\" \/>\n<meta property=\"og:type\" content=\"article\" \/>\n<meta property=\"og:title\" content=\"1947 - 2\u00bd Lira - Turkish Republican Money\" \/>\n<meta property=\"og:description\" content=\"\u00d6n y\u00fcz\u00fcnde ortada kup\u00fcr de\u011feri \u201c2\u00bd \u0130K\u0130 BU\u00c7UK T\u00dcRK L\u0130RASI\u201d \u015feklinde yaz\u0131l\u0131, sa\u011f tarafta \u0130smet \u0130n\u00f6n\u00fc portresi vard\u0131r. Arka y\u00fcz\u00fcnde Ankara Halkevi resmedilmi\u015ftir.\" \/>\n<meta property=\"og:url\" content=\"https:\/\/cumhuriyetparalari.com\/item\/1947-2\u00bd-lira\/\" \/>\n<meta property=\"og:site_name\" content=\"Turkish Republican Money\" \/>\n<meta property=\"article:modified_time\" content=\"2024-12-02T12:34:43+00:00\" \/>\n<meta property=\"og:image\" content=\"https:\/\/cumhuriyetparalari.com\/wp-content\/uploads\/2023\/12\/25Lira1947-01.jpg\" \/>\n\t<meta property=\"og:image:width\" content=\"1181\" \/>\n\t<meta property=\"og:image:height\" content=\"520\" \/>\n\t<meta property=\"og:image:type\" content=\"image\/jpeg\" \/>\n<meta name=\"twitter:card\" content=\"summary_large_image\" \/>\n<script type=\"application\/ld+json\" class=\"yoast-schema-graph\">{\"@context\":\"https:\\\/\\\/schema.org\",\"@graph\":[{\"@type\":\"WebPage\",\"@id\":\"https:\\\/\\\/cumhuriyetparalari.com\\\/item\\\/1947-2%c2%bd-lira\\\/\",\"url\":\"https:\\\/\\\/cumhuriyetparalari.com\\\/item\\\/1947-2%c2%bd-lira\\\/\",\"name\":\"1947 - 2\u00bd Lira - Turkish Republican Money\",\"isPartOf\":{\"@id\":\"https:\\\/\\\/cumhuriyetparalari.com\\\/#website\"},\"primaryImageOfPage\":{\"@id\":\"https:\\\/\\\/cumhuriyetparalari.com\\\/item\\\/1947-2%c2%bd-lira\\\/#primaryimage\"},\"image\":{\"@id\":\"https:\\\/\\\/cumhuriyetparalari.com\\\/item\\\/1947-2%c2%bd-lira\\\/#primaryimage\"},\"thumbnailUrl\":\"https:\\\/\\\/cumhuriyetparalari.com\\\/wp-content\\\/uploads\\\/2023\\\/12\\\/25Lira1947-01.jpg\",\"datePublished\":\"2023-08-26T09:00:22+00:00\",\"dateModified\":\"2024-12-02T12:34:43+00:00\",\"breadcrumb\":{\"@id\":\"https:\\\/\\\/cumhuriyetparalari.com\\\/item\\\/1947-2%c2%bd-lira\\\/#breadcrumb\"},\"inLanguage\":\"en-US\",\"potentialAction\":[{\"@type\":\"ReadAction\",\"target\":[\"https:\\\/\\\/cumhuriyetparalari.com\\\/item\\\/1947-2%c2%bd-lira\\\/\"]}]},{\"@type\":\"ImageObject\",\"inLanguage\":\"en-US\",\"@id\":\"https:\\\/\\\/cumhuriyetparalari.com\\\/item\\\/1947-2%c2%bd-lira\\\/#primaryimage\",\"url\":\"https:\\\/\\\/cumhuriyetparalari.com\\\/wp-content\\\/uploads\\\/2023\\\/12\\\/25Lira1947-01.jpg\",\"contentUrl\":\"https:\\\/\\\/cumhuriyetparalari.com\\\/wp-content\\\/uploads\\\/2023\\\/12\\\/25Lira1947-01.jpg\",\"width\":1181,\"height\":520,\"caption\":\"3. Emisyon 2\u00bd Lira \u00d6n y\u00fcz\u00fc\"},{\"@type\":\"BreadcrumbList\",\"@id\":\"https:\\\/\\\/cumhuriyetparalari.com\\\/item\\\/1947-2%c2%bd-lira\\\/#breadcrumb\",\"itemListElement\":[{\"@type\":\"ListItem\",\"position\":1,\"name\":\"Anasayfa\",\"item\":\"https:\\\/\\\/cumhuriyetparalari.com\\\/en\\\/anasayfa\\\/\"},{\"@type\":\"ListItem\",\"position\":2,\"name\":\"Republican Money\",\"item\":\"https:\\\/\\\/cumhuriyetparalari.com\\\/en\\\/shop\\\/\"},{\"@type\":\"ListItem\",\"position\":3,\"name\":\"1947 &#8211; 2\u00bd Lira\"}]},{\"@type\":\"WebSite\",\"@id\":\"https:\\\/\\\/cumhuriyetparalari.com\\\/#website\",\"url\":\"https:\\\/\\\/cumhuriyetparalari.com\\\/\",\"name\":\"Cumhuriyet Paralar\u0131\",\"description\":\"Get to know Turkish Money\",\"publisher\":{\"@id\":\"https:\\\/\\\/cumhuriyetparalari.com\\\/#\\\/schema\\\/person\\\/e4da73570fb5f4f08c81b0ab88656036\"},\"potentialAction\":[{\"@type\":\"SearchAction\",\"target\":{\"@type\":\"EntryPoint\",\"urlTemplate\":\"https:\\\/\\\/cumhuriyetparalari.com\\\/?s={search_term_string}\"},\"query-input\":{\"@type\":\"PropertyValueSpecification\",\"valueRequired\":true,\"valueName\":\"search_term_string\"}}],\"inLanguage\":\"en-US\"},{\"@type\":[\"Person\",\"Organization\"],\"@id\":\"https:\\\/\\\/cumhuriyetparalari.com\\\/#\\\/schema\\\/person\\\/e4da73570fb5f4f08c81b0ab88656036\",\"name\":\"cumhuriyetparalari\",\"image\":{\"@type\":\"ImageObject\",\"inLanguage\":\"en-US\",\"@id\":\"https:\\\/\\\/cumhuriyetparalari.com\\\/wp-content\\\/uploads\\\/2023\\\/05\\\/Cumhuriyet-Paralari-Logo-512.png\",\"url\":\"https:\\\/\\\/cumhuriyetparalari.com\\\/wp-content\\\/uploads\\\/2023\\\/05\\\/Cumhuriyet-Paralari-Logo-512.png\",\"contentUrl\":\"https:\\\/\\\/cumhuriyetparalari.com\\\/wp-content\\\/uploads\\\/2023\\\/05\\\/Cumhuriyet-Paralari-Logo-512.png\",\"width\":512,\"height\":512,\"caption\":\"cumhuriyetparalari\"},\"logo\":{\"@id\":\"https:\\\/\\\/cumhuriyetparalari.com\\\/wp-content\\\/uploads\\\/2023\\\/05\\\/Cumhuriyet-Paralari-Logo-512.png\"},\"sameAs\":[\"https:\\\/\\\/cumhuriyetparalari.com\"]}]}<\/script>\n<!-- \/ Yoast SEO plugin. -->","yoast_head_json":{"title":"1947 - 2\u00bd Lira - Turkish Republican Money","robots":{"index":"index","follow":"follow","max-snippet":"max-snippet:-1","max-image-preview":"max-image-preview:large","max-video-preview":"max-video-preview:-1"},"canonical":"https:\/\/cumhuriyetparalari.com\/item\/1947-2\u00bd-lira\/","og_locale":"en_US","og_type":"article","og_title":"1947 - 2\u00bd Lira - Turkish Republican Money","og_description":"\u00d6n y\u00fcz\u00fcnde ortada kup\u00fcr de\u011feri \u201c2\u00bd \u0130K\u0130 BU\u00c7UK T\u00dcRK L\u0130RASI\u201d \u015feklinde yaz\u0131l\u0131, sa\u011f tarafta \u0130smet \u0130n\u00f6n\u00fc portresi vard\u0131r. Arka y\u00fcz\u00fcnde Ankara Halkevi resmedilmi\u015ftir.","og_url":"https:\/\/cumhuriyetparalari.com\/item\/1947-2\u00bd-lira\/","og_site_name":"Turkish Republican Money","article_modified_time":"2024-12-02T12:34:43+00:00","og_image":[{"width":1181,"height":520,"url":"https:\/\/cumhuriyetparalari.com\/wp-content\/uploads\/2023\/12\/25Lira1947-01.jpg","type":"image\/jpeg"}],"twitter_card":"summary_large_image","schema":{"@context":"https:\/\/schema.org","@graph":[{"@type":"WebPage","@id":"https:\/\/cumhuriyetparalari.com\/item\/1947-2%c2%bd-lira\/","url":"https:\/\/cumhuriyetparalari.com\/item\/1947-2%c2%bd-lira\/","name":"1947 - 2\u00bd Lira - Turkish Republican Money","isPartOf":{"@id":"https:\/\/cumhuriyetparalari.com\/#website"},"primaryImageOfPage":{"@id":"https:\/\/cumhuriyetparalari.com\/item\/1947-2%c2%bd-lira\/#primaryimage"},"image":{"@id":"https:\/\/cumhuriyetparalari.com\/item\/1947-2%c2%bd-lira\/#primaryimage"},"thumbnailUrl":"https:\/\/cumhuriyetparalari.com\/wp-content\/uploads\/2023\/12\/25Lira1947-01.jpg","datePublished":"2023-08-26T09:00:22+00:00","dateModified":"2024-12-02T12:34:43+00:00","breadcrumb":{"@id":"https:\/\/cumhuriyetparalari.com\/item\/1947-2%c2%bd-lira\/#breadcrumb"},"inLanguage":"en-US","potentialAction":[{"@type":"ReadAction","target":["https:\/\/cumhuriyetparalari.com\/item\/1947-2%c2%bd-lira\/"]}]},{"@type":"ImageObject","inLanguage":"en-US","@id":"https:\/\/cumhuriyetparalari.com\/item\/1947-2%c2%bd-lira\/#primaryimage","url":"https:\/\/cumhuriyetparalari.com\/wp-content\/uploads\/2023\/12\/25Lira1947-01.jpg","contentUrl":"https:\/\/cumhuriyetparalari.com\/wp-content\/uploads\/2023\/12\/25Lira1947-01.jpg","width":1181,"height":520,"caption":"3. Emisyon 2\u00bd Lira \u00d6n y\u00fcz\u00fc"},{"@type":"BreadcrumbList","@id":"https:\/\/cumhuriyetparalari.com\/item\/1947-2%c2%bd-lira\/#breadcrumb","itemListElement":[{"@type":"ListItem","position":1,"name":"Anasayfa","item":"https:\/\/cumhuriyetparalari.com\/en\/anasayfa\/"},{"@type":"ListItem","position":2,"name":"Republican Money","item":"https:\/\/cumhuriyetparalari.com\/en\/shop\/"},{"@type":"ListItem","position":3,"name":"1947 &#8211; 2\u00bd Lira"}]},{"@type":"WebSite","@id":"https:\/\/cumhuriyetparalari.com\/#website","url":"https:\/\/cumhuriyetparalari.com\/","name":"Cumhuriyet Paralar\u0131","description":"Get to know Turkish Money","publisher":{"@id":"https:\/\/cumhuriyetparalari.com\/#\/schema\/person\/e4da73570fb5f4f08c81b0ab88656036"},"potentialAction":[{"@type":"SearchAction","target":{"@type":"EntryPoint","urlTemplate":"https:\/\/cumhuriyetparalari.com\/?s={search_term_string}"},"query-input":{"@type":"PropertyValueSpecification","valueRequired":true,"valueName":"search_term_string"}}],"inLanguage":"en-US"},{"@type":["Person","Organization"],"@id":"https:\/\/cumhuriyetparalari.com\/#\/schema\/person\/e4da73570fb5f4f08c81b0ab88656036","name":"cumhuriyetparalari","image":{"@type":"ImageObject","inLanguage":"en-US","@id":"https:\/\/cumhuriyetparalari.com\/wp-content\/uploads\/2023\/05\/Cumhuriyet-Paralari-Logo-512.png","url":"https:\/\/cumhuriyetparalari.com\/wp-content\/uploads\/2023\/05\/Cumhuriyet-Paralari-Logo-512.png","contentUrl":"https:\/\/cumhuriyetparalari.com\/wp-content\/uploads\/2023\/05\/Cumhuriyet-Paralari-Logo-512.png","width":512,"height":512,"caption":"cumhuriyetparalari"},"logo":{"@id":"https:\/\/cumhuriyetparalari.com\/wp-content\/uploads\/2023\/05\/Cumhuriyet-Paralari-Logo-512.png"},"sameAs":["https:\/\/cumhuriyetparalari.com"]}]}},"_links":{"self":[{"href":"https:\/\/cumhuriyetparalari.com\/en\/wp-json\/wp\/v2\/product\/1856","targetHints":{"allow":["GET"]}}],"collection":[{"href":"https:\/\/cumhuriyetparalari.com\/en\/wp-json\/wp\/v2\/product"}],"about":[{"href":"https:\/\/cumhuriyetparalari.com\/en\/wp-json\/wp\/v2\/types\/product"}],"wp:featuredmedia":[{"embeddable":true,"href":"https:\/\/cumhuriyetparalari.com\/en\/wp-json\/wp\/v2\/media\/1857"}],"wp:attachment":[{"href":"https:\/\/cumhuriyetparalari.com\/en\/wp-json\/wp\/v2\/media?parent=1856"}],"wp:term":[{"taxonomy":"category","embeddable":true,"href":"https:\/\/cumhuriyetparalari.com\/en\/wp-json\/wp\/v2\/categories?post=1856"},{"taxonomy":"post_tag","embeddable":true,"href":"https:\/\/cumhuriyetparalari.com\/en\/wp-json\/wp\/v2\/tags?post=1856"},{"taxonomy":"product_brand","embeddable":true,"href":"https:\/\/cumhuriyetparalari.com\/en\/wp-json\/wp\/v2\/product_brand?post=1856"},{"taxonomy":"product_cat","embeddable":true,"href":"https:\/\/cumhuriyetparalari.com\/en\/wp-json\/wp\/v2\/product_cat?post=1856"},{"taxonomy":"product_tag","embeddable":true,"href":"https:\/\/cumhuriyetparalari.com\/en\/wp-json\/wp\/v2\/product_tag?post=1856"}],"curies":[{"name":"wp","href":"https:\/\/api.w.org\/{rel}","templated":true}]}}