{"id":1771,"date":"2023-08-18T12:00:24","date_gmt":"2023-08-18T09:00:24","guid":{"rendered":"https:\/\/cumhuriyetparalari.com\/?post_type=product&#038;p=1771"},"modified":"2024-12-02T15:18:03","modified_gmt":"2024-12-02T12:18:03","slug":"1939-2%c2%bd-lira","status":"publish","type":"product","link":"https:\/\/cumhuriyetparalari.com\/en\/item\/1939-2%c2%bd-lira\/","title":{"rendered":"1939 &#8211; 2\u00bd Lira"},"content":{"rendered":"<p><strong>Katalog No:<\/strong> Pick#126<\/p>\n<p>\u00d6n y\u00fcz\u00fcnde ortada kup\u00fcr de\u011feri \u201c2\u00bd \u0130K\u0130 BU\u00c7UK T\u00dcRK L\u0130RASI\u201d \u015feklinde yaz\u0131l\u0131d\u0131r, sa\u011f \u00e7er\u00e7eve i\u00e7inde Atat\u00fcrk Portresi, k\u00f6\u015felerde de 2\u00bd de\u011feri resmedilmi\u015ftir. Arka y\u00fcz\u00fcnde ise Ankara Ulus Meydan\u0131&#8217;na heykeltra\u015f <a href=\"https:\/\/cumhuriyetparalari.com\/2023\/10\/29\/heinrich-krippel-1883-1945\/\"><span style=\"color: #0000ff;\">Heinrich Krippel<\/span><\/a> taraf\u0131ndan yap\u0131lan Zafer An\u0131t\u0131 bulunur.<\/p>\n<p>Latin harflerine ge\u00e7i\u015ften 194o&#8217;lar\u0131n ortas\u0131na kadar &#8220;T\u00fcrkiye C\u00fcmhuriyet Merkez Bankas\u0131&#8221; ibaresindeki Cumhuriyet kelimesi &#8220;\u00fc&#8221; harfi ile yaz\u0131lm\u0131\u015ft\u0131r.<\/p>\n<p>Filigran penceresinde Atat\u00fcrk portresi mevcuttur.<\/p>\n<p><strong>\u00dczerindeki \u0130mza(lar):<\/strong> Selahattin \u00c7am, Said Erda<\/p>\n<p>Kaynaklar:<\/p>\n<ul>\n<li><a href=\"http:\/\/sanalmuze.tcmb.gov.tr\" target=\"_blank\" rel=\"noopener\"><span style=\"color: #0000ff;\">www.sanalmuze.tcmb.gov.tr<\/span><\/a><\/li>\n<\/ul>\n","protected":false},"excerpt":{"rendered":"<p>\u00d6n y\u00fcz\u00fcnde ortada kup\u00fcr de\u011feri \u201c2\u00bd \u0130K\u0130 BU\u00c7UK T\u00dcRK L\u0130RASI\u201d \u015feklinde yaz\u0131l\u0131d\u0131r, sa\u011f \u00e7er\u00e7eve i\u00e7inde Atat\u00fcrk Portresi resmedilmi\u015ftir.<\/p>\n<p>Arka y\u00fcz\u00fcnde ise Ankara Ulus Meydan\u0131&#8217;ndaki Zafer An\u0131t\u0131 vard\u0131r.<\/p>\n","protected":false},"featured_media":1774,"template":"","meta":[],"categories":[59],"tags":[710,386,716],"product_brand":[],"product_cat":[20],"product_tag":[607,140,103,569,172,1757,211,602,601,608],"class_list":{"0":"post-1771","1":"product","2":"type-product","3":"status-publish","4":"has-post-thumbnail","6":"category-numismatik","7":"tag-heinrich-krippel","8":"tag-lira","9":"tag-zafer-aniti","10":"product_cat-banknotlar","11":"product_tag-2-emisyon","12":"product_tag-ankara","13":"product_tag-ataturk","14":"product_tag-banknot","15":"product_tag-de-la-rue","16":"product_tag-heinrich-krippel","17":"product_tag-lira","18":"product_tag-said-erda","19":"product_tag-selahattin-cam","20":"product_tag-zafer-aniti","21":"pa_baski-adedi-32-000-000","22":"pa_baski-adedi-80-000-000-tl","23":"pa_baski-ozelligi-normal","24":"pa_boy-65-mm","25":"pa_en-145-mm","26":"pa_matbaa-thomas-de-la-rue-ingiltere","27":"pa_tedavulden-bitis-600","28":"pa_tedavule-verildigi-tarih-119","30":"first","31":"instock","32":"shipping-taxable","33":"product-type-simple"},"yoast_head":"<!-- This site is optimized with the Yoast SEO plugin v27.5 - https:\/\/yoast.com\/product\/yoast-seo-wordpress\/ -->\n<title>1939 - 2\u00bd Lira - Turkish Republican Money<\/title>\n<meta name=\"robots\" content=\"index, follow, max-snippet:-1, max-image-preview:large, max-video-preview:-1\" \/>\n<link rel=\"canonical\" href=\"https:\/\/cumhuriyetparalari.com\/item\/1939-2\u00bd-lira\/\" \/>\n<meta property=\"og:locale\" content=\"en_US\" \/>\n<meta property=\"og:type\" content=\"article\" \/>\n<meta property=\"og:title\" content=\"1939 - 2\u00bd Lira - Turkish Republican Money\" \/>\n<meta property=\"og:description\" content=\"\u00d6n y\u00fcz\u00fcnde ortada kup\u00fcr de\u011feri \u201c2\u00bd \u0130K\u0130 BU\u00c7UK T\u00dcRK L\u0130RASI\u201d \u015feklinde yaz\u0131l\u0131d\u0131r, sa\u011f \u00e7er\u00e7eve i\u00e7inde Atat\u00fcrk Portresi resmedilmi\u015ftir.  Arka y\u00fcz\u00fcnde ise Ankara Ulus Meydan\u0131&#039;ndaki Zafer An\u0131t\u0131 vard\u0131r.\" \/>\n<meta property=\"og:url\" content=\"https:\/\/cumhuriyetparalari.com\/item\/1939-2\u00bd-lira\/\" \/>\n<meta property=\"og:site_name\" content=\"Turkish Republican Money\" \/>\n<meta property=\"article:modified_time\" content=\"2024-12-02T12:18:03+00:00\" \/>\n<meta property=\"og:image\" content=\"https:\/\/cumhuriyetparalari.com\/wp-content\/uploads\/2023\/12\/25Lira1939-01.jpg\" \/>\n\t<meta property=\"og:image:width\" content=\"1181\" \/>\n\t<meta property=\"og:image:height\" content=\"529\" \/>\n\t<meta property=\"og:image:type\" content=\"image\/jpeg\" \/>\n<meta name=\"twitter:card\" content=\"summary_large_image\" \/>\n<meta name=\"twitter:label1\" content=\"Est. reading time\" \/>\n\t<meta name=\"twitter:data1\" content=\"1 minute\" \/>\n<script type=\"application\/ld+json\" class=\"yoast-schema-graph\">{\"@context\":\"https:\\\/\\\/schema.org\",\"@graph\":[{\"@type\":\"WebPage\",\"@id\":\"https:\\\/\\\/cumhuriyetparalari.com\\\/item\\\/1939-2%c2%bd-lira\\\/\",\"url\":\"https:\\\/\\\/cumhuriyetparalari.com\\\/item\\\/1939-2%c2%bd-lira\\\/\",\"name\":\"1939 - 2\u00bd Lira - Turkish Republican Money\",\"isPartOf\":{\"@id\":\"https:\\\/\\\/cumhuriyetparalari.com\\\/#website\"},\"primaryImageOfPage\":{\"@id\":\"https:\\\/\\\/cumhuriyetparalari.com\\\/item\\\/1939-2%c2%bd-lira\\\/#primaryimage\"},\"image\":{\"@id\":\"https:\\\/\\\/cumhuriyetparalari.com\\\/item\\\/1939-2%c2%bd-lira\\\/#primaryimage\"},\"thumbnailUrl\":\"https:\\\/\\\/cumhuriyetparalari.com\\\/wp-content\\\/uploads\\\/2023\\\/12\\\/25Lira1939-01.jpg\",\"datePublished\":\"2023-08-18T09:00:24+00:00\",\"dateModified\":\"2024-12-02T12:18:03+00:00\",\"breadcrumb\":{\"@id\":\"https:\\\/\\\/cumhuriyetparalari.com\\\/item\\\/1939-2%c2%bd-lira\\\/#breadcrumb\"},\"inLanguage\":\"en-US\",\"potentialAction\":[{\"@type\":\"ReadAction\",\"target\":[\"https:\\\/\\\/cumhuriyetparalari.com\\\/item\\\/1939-2%c2%bd-lira\\\/\"]}]},{\"@type\":\"ImageObject\",\"inLanguage\":\"en-US\",\"@id\":\"https:\\\/\\\/cumhuriyetparalari.com\\\/item\\\/1939-2%c2%bd-lira\\\/#primaryimage\",\"url\":\"https:\\\/\\\/cumhuriyetparalari.com\\\/wp-content\\\/uploads\\\/2023\\\/12\\\/25Lira1939-01.jpg\",\"contentUrl\":\"https:\\\/\\\/cumhuriyetparalari.com\\\/wp-content\\\/uploads\\\/2023\\\/12\\\/25Lira1939-01.jpg\",\"width\":1181,\"height\":529,\"caption\":\"2. Emisyon 2\u00bd Lira \u00d6n y\u00fcz\u00fc\"},{\"@type\":\"BreadcrumbList\",\"@id\":\"https:\\\/\\\/cumhuriyetparalari.com\\\/item\\\/1939-2%c2%bd-lira\\\/#breadcrumb\",\"itemListElement\":[{\"@type\":\"ListItem\",\"position\":1,\"name\":\"Anasayfa\",\"item\":\"https:\\\/\\\/cumhuriyetparalari.com\\\/en\\\/anasayfa\\\/\"},{\"@type\":\"ListItem\",\"position\":2,\"name\":\"Republican Money\",\"item\":\"https:\\\/\\\/cumhuriyetparalari.com\\\/en\\\/shop\\\/\"},{\"@type\":\"ListItem\",\"position\":3,\"name\":\"1939 &#8211; 2\u00bd Lira\"}]},{\"@type\":\"WebSite\",\"@id\":\"https:\\\/\\\/cumhuriyetparalari.com\\\/#website\",\"url\":\"https:\\\/\\\/cumhuriyetparalari.com\\\/\",\"name\":\"Cumhuriyet Paralar\u0131\",\"description\":\"Get to know Turkish Money\",\"publisher\":{\"@id\":\"https:\\\/\\\/cumhuriyetparalari.com\\\/#\\\/schema\\\/person\\\/e4da73570fb5f4f08c81b0ab88656036\"},\"potentialAction\":[{\"@type\":\"SearchAction\",\"target\":{\"@type\":\"EntryPoint\",\"urlTemplate\":\"https:\\\/\\\/cumhuriyetparalari.com\\\/?s={search_term_string}\"},\"query-input\":{\"@type\":\"PropertyValueSpecification\",\"valueRequired\":true,\"valueName\":\"search_term_string\"}}],\"inLanguage\":\"en-US\"},{\"@type\":[\"Person\",\"Organization\"],\"@id\":\"https:\\\/\\\/cumhuriyetparalari.com\\\/#\\\/schema\\\/person\\\/e4da73570fb5f4f08c81b0ab88656036\",\"name\":\"cumhuriyetparalari\",\"image\":{\"@type\":\"ImageObject\",\"inLanguage\":\"en-US\",\"@id\":\"https:\\\/\\\/cumhuriyetparalari.com\\\/wp-content\\\/uploads\\\/2023\\\/05\\\/Cumhuriyet-Paralari-Logo-512.png\",\"url\":\"https:\\\/\\\/cumhuriyetparalari.com\\\/wp-content\\\/uploads\\\/2023\\\/05\\\/Cumhuriyet-Paralari-Logo-512.png\",\"contentUrl\":\"https:\\\/\\\/cumhuriyetparalari.com\\\/wp-content\\\/uploads\\\/2023\\\/05\\\/Cumhuriyet-Paralari-Logo-512.png\",\"width\":512,\"height\":512,\"caption\":\"cumhuriyetparalari\"},\"logo\":{\"@id\":\"https:\\\/\\\/cumhuriyetparalari.com\\\/wp-content\\\/uploads\\\/2023\\\/05\\\/Cumhuriyet-Paralari-Logo-512.png\"},\"sameAs\":[\"https:\\\/\\\/cumhuriyetparalari.com\"]}]}<\/script>\n<!-- \/ Yoast SEO plugin. -->","yoast_head_json":{"title":"1939 - 2\u00bd Lira - Turkish Republican Money","robots":{"index":"index","follow":"follow","max-snippet":"max-snippet:-1","max-image-preview":"max-image-preview:large","max-video-preview":"max-video-preview:-1"},"canonical":"https:\/\/cumhuriyetparalari.com\/item\/1939-2\u00bd-lira\/","og_locale":"en_US","og_type":"article","og_title":"1939 - 2\u00bd Lira - Turkish Republican Money","og_description":"\u00d6n y\u00fcz\u00fcnde ortada kup\u00fcr de\u011feri \u201c2\u00bd \u0130K\u0130 BU\u00c7UK T\u00dcRK L\u0130RASI\u201d \u015feklinde yaz\u0131l\u0131d\u0131r, sa\u011f \u00e7er\u00e7eve i\u00e7inde Atat\u00fcrk Portresi resmedilmi\u015ftir.  Arka y\u00fcz\u00fcnde ise Ankara Ulus Meydan\u0131'ndaki Zafer An\u0131t\u0131 vard\u0131r.","og_url":"https:\/\/cumhuriyetparalari.com\/item\/1939-2\u00bd-lira\/","og_site_name":"Turkish Republican Money","article_modified_time":"2024-12-02T12:18:03+00:00","og_image":[{"width":1181,"height":529,"url":"https:\/\/cumhuriyetparalari.com\/wp-content\/uploads\/2023\/12\/25Lira1939-01.jpg","type":"image\/jpeg"}],"twitter_card":"summary_large_image","twitter_misc":{"Est. reading time":"1 minute"},"schema":{"@context":"https:\/\/schema.org","@graph":[{"@type":"WebPage","@id":"https:\/\/cumhuriyetparalari.com\/item\/1939-2%c2%bd-lira\/","url":"https:\/\/cumhuriyetparalari.com\/item\/1939-2%c2%bd-lira\/","name":"1939 - 2\u00bd Lira - Turkish Republican Money","isPartOf":{"@id":"https:\/\/cumhuriyetparalari.com\/#website"},"primaryImageOfPage":{"@id":"https:\/\/cumhuriyetparalari.com\/item\/1939-2%c2%bd-lira\/#primaryimage"},"image":{"@id":"https:\/\/cumhuriyetparalari.com\/item\/1939-2%c2%bd-lira\/#primaryimage"},"thumbnailUrl":"https:\/\/cumhuriyetparalari.com\/wp-content\/uploads\/2023\/12\/25Lira1939-01.jpg","datePublished":"2023-08-18T09:00:24+00:00","dateModified":"2024-12-02T12:18:03+00:00","breadcrumb":{"@id":"https:\/\/cumhuriyetparalari.com\/item\/1939-2%c2%bd-lira\/#breadcrumb"},"inLanguage":"en-US","potentialAction":[{"@type":"ReadAction","target":["https:\/\/cumhuriyetparalari.com\/item\/1939-2%c2%bd-lira\/"]}]},{"@type":"ImageObject","inLanguage":"en-US","@id":"https:\/\/cumhuriyetparalari.com\/item\/1939-2%c2%bd-lira\/#primaryimage","url":"https:\/\/cumhuriyetparalari.com\/wp-content\/uploads\/2023\/12\/25Lira1939-01.jpg","contentUrl":"https:\/\/cumhuriyetparalari.com\/wp-content\/uploads\/2023\/12\/25Lira1939-01.jpg","width":1181,"height":529,"caption":"2. Emisyon 2\u00bd Lira \u00d6n y\u00fcz\u00fc"},{"@type":"BreadcrumbList","@id":"https:\/\/cumhuriyetparalari.com\/item\/1939-2%c2%bd-lira\/#breadcrumb","itemListElement":[{"@type":"ListItem","position":1,"name":"Anasayfa","item":"https:\/\/cumhuriyetparalari.com\/en\/anasayfa\/"},{"@type":"ListItem","position":2,"name":"Republican Money","item":"https:\/\/cumhuriyetparalari.com\/en\/shop\/"},{"@type":"ListItem","position":3,"name":"1939 &#8211; 2\u00bd Lira"}]},{"@type":"WebSite","@id":"https:\/\/cumhuriyetparalari.com\/#website","url":"https:\/\/cumhuriyetparalari.com\/","name":"Cumhuriyet Paralar\u0131","description":"Get to know Turkish Money","publisher":{"@id":"https:\/\/cumhuriyetparalari.com\/#\/schema\/person\/e4da73570fb5f4f08c81b0ab88656036"},"potentialAction":[{"@type":"SearchAction","target":{"@type":"EntryPoint","urlTemplate":"https:\/\/cumhuriyetparalari.com\/?s={search_term_string}"},"query-input":{"@type":"PropertyValueSpecification","valueRequired":true,"valueName":"search_term_string"}}],"inLanguage":"en-US"},{"@type":["Person","Organization"],"@id":"https:\/\/cumhuriyetparalari.com\/#\/schema\/person\/e4da73570fb5f4f08c81b0ab88656036","name":"cumhuriyetparalari","image":{"@type":"ImageObject","inLanguage":"en-US","@id":"https:\/\/cumhuriyetparalari.com\/wp-content\/uploads\/2023\/05\/Cumhuriyet-Paralari-Logo-512.png","url":"https:\/\/cumhuriyetparalari.com\/wp-content\/uploads\/2023\/05\/Cumhuriyet-Paralari-Logo-512.png","contentUrl":"https:\/\/cumhuriyetparalari.com\/wp-content\/uploads\/2023\/05\/Cumhuriyet-Paralari-Logo-512.png","width":512,"height":512,"caption":"cumhuriyetparalari"},"logo":{"@id":"https:\/\/cumhuriyetparalari.com\/wp-content\/uploads\/2023\/05\/Cumhuriyet-Paralari-Logo-512.png"},"sameAs":["https:\/\/cumhuriyetparalari.com"]}]}},"_links":{"self":[{"href":"https:\/\/cumhuriyetparalari.com\/en\/wp-json\/wp\/v2\/product\/1771","targetHints":{"allow":["GET"]}}],"collection":[{"href":"https:\/\/cumhuriyetparalari.com\/en\/wp-json\/wp\/v2\/product"}],"about":[{"href":"https:\/\/cumhuriyetparalari.com\/en\/wp-json\/wp\/v2\/types\/product"}],"wp:featuredmedia":[{"embeddable":true,"href":"https:\/\/cumhuriyetparalari.com\/en\/wp-json\/wp\/v2\/media\/1774"}],"wp:attachment":[{"href":"https:\/\/cumhuriyetparalari.com\/en\/wp-json\/wp\/v2\/media?parent=1771"}],"wp:term":[{"taxonomy":"category","embeddable":true,"href":"https:\/\/cumhuriyetparalari.com\/en\/wp-json\/wp\/v2\/categories?post=1771"},{"taxonomy":"post_tag","embeddable":true,"href":"https:\/\/cumhuriyetparalari.com\/en\/wp-json\/wp\/v2\/tags?post=1771"},{"taxonomy":"product_brand","embeddable":true,"href":"https:\/\/cumhuriyetparalari.com\/en\/wp-json\/wp\/v2\/product_brand?post=1771"},{"taxonomy":"product_cat","embeddable":true,"href":"https:\/\/cumhuriyetparalari.com\/en\/wp-json\/wp\/v2\/product_cat?post=1771"},{"taxonomy":"product_tag","embeddable":true,"href":"https:\/\/cumhuriyetparalari.com\/en\/wp-json\/wp\/v2\/product_tag?post=1771"}],"curies":[{"name":"wp","href":"https:\/\/api.w.org\/{rel}","templated":true}]}}